{"id":9,"date":"2024-11-11T14:45:33","date_gmt":"2024-11-11T07:45:33","guid":{"rendered":"https:\/\/studiobgh.com\/?page_id=9"},"modified":"2025-10-10T14:54:25","modified_gmt":"2025-10-10T07:54:25","slug":"gioi-thieu","status":"publish","type":"page","link":"https:\/\/studiobgh.com\/ja\/gioi-thieu\/","title":{"rendered":"\u79c1\u305f\u3061\u306b\u3064\u3044\u3066"},"content":{"rendered":"<table border=\"0\" cellspacing=\"0\" cellpadding=\"0\">\n<tbody>\n<tr>\n<th>\u793e\u540d<\/th>\n<td><strong>BGH STUDIO<\/strong><\/td>\n<\/tr>\n<tr>\n<th>\u8a2d\u7acb<\/th>\n<td>Th\u00e1ng 01 n\u0103m 2023<\/td>\n<\/tr>\n<tr>\n<th>\u4f4f\u6240<\/th>\n<td>\u672c\u793e\uff08\u4e8b\u52d9\u6240): \u30d9\u30c8\u30ca\u30e0\u3001\u30db\u30fc\u30c1\u30df\u30f3\u5e02\u3001\u30c8\u30f3\u30bf\u30a4\u30db\u30a4\u533a\u3001\u7b2c3\u901a\u308a\u3001116\u756a\u5730<br \/>\n\u652f\u793e(\u4f5c\u696d\u5834\u6240)\uff1a\u30db\u30fc\u30c1\u30df\u30f3\u5e02,\u30c9\u30f3\u30d5\u30f3\u30c8\u30a5\u30a2\u30f3\u533a,C3\u901a\u308a,E29\u756a\u5730<\/td>\n<\/tr>\n<tr>\n<th>TEL.<\/th>\n<td>(+84) 0939 096 847<\/td>\n<\/tr>\n<tr>\n<th>\u30e1\u30fc\u30eb\u30a2\u30c9\u30ec\u30b9 *<\/th>\n<td>studiobghvn@gmail.com<\/td>\n<\/tr>\n<tr>\n<th>\u4e8b\u696d\u5185\u5bb9<\/th>\n<td>\u30a2\u30cb\u30e1\u30fc\u30b7\u30e7\u30f3\u7f8e\u8853 \u80cc\u666f\u30c7\u30b6\u30a4\u30f3<\/td>\n<\/tr>\n<tr>\n<th>\u6cbf\u9769<\/th>\n<td>2005\u5e74\uff1a\u65e5\u672c\u304b\u3089\u6765\u305f\u7f8e\u8853\u76e3\u7763\u306b\u30a2\u30cb\u30e1\u80cc\u666f\u306e\u63cf\u304d\u304b\u305f\u3092\u6559\u3048\u3066\u3044\u305f\u3060\u304d\u307e\u3057\u305f\u3002<\/p>\n<p>2008\u5e74\uff1a\u30a2\u30cb\u30e1\u30b7\u30e7\u30f3\u306e\u80cc\u666f\u4f1a\u793e\u3092\u8a2d\u7acb\u3057\u307e\u3057\u305f\u3002<\/p>\n<p>2023\u5e74\uff1a\u652f\u5e97\u3068\u3057\u3066\uff22\uff27\uff28\u30b9\u30bf\u30b8\u30aa\u3092\u8a2d\u7acb\u307e\u3057\u305f\u3002<\/td>\n<\/tr>\n<tr>\n<th>TV\u30a2\u30cb\u30e1<\/th>\n<td>Dead Dead Demon&#8217;s Dededede Destruction \/ DeDeDeDe<\/p>\n<p>\u30c7\u30c3\u30c9\u30c7\u30c3\u30c9\u30c7\u30fc\u30e2\u30f3\u30ba\u30c7\u30c7\u30c7\u30c7\u30c7\u30b9\u30c8\u30e9\u30af\u30b7\u30e7\u30f3<\/p>\n<p>Love Live! Superstar!! \u30e9\u30d6\u30e9\u30a4\u30d6\uff01\u30b9\u30fc\u30d1\u30fc\u30b9\u30bf\u30fc!!<\/p>\n<div class=\"hHq9Z\">\n<div data-hveid=\"CAgQAA\" data-ved=\"2ahUKEwi7pKCZ_ICKAxXZoGMGHexPE98QlcAGegQICBAA\">\n<div class=\"KsRP6 yniSnf\">\n<div class=\"MDY31c\">\n<div class=\"QpPSMb\">\n<div class=\"DoxwDb\">\n<div class=\"PZPZlf ssJ7i xgAzOe\" role=\"heading\" aria-level=\"2\" data-attrid=\"title\"><a href=\"https:\/\/anime-chi.jp\/\" target=\"_blank\" rel=\"noopener\">Orb: On the Movements of the Earth<\/a><\/div>\n<\/div>\n<\/div>\n<div class=\"nwVKo\">\n<div class=\"loJjTe\"><\/div>\n<\/div>\n<\/div>\n<\/div>\n<\/div>\n<\/div>\n<h5 class=\"LC20lb MBeuO DKV0Md\">\u30c1\u3002 \u2015\u5730\u7403\u306e\u904b\u52d5\u306b\u3064\u3044\u3066\u2015<\/h5>\n<\/td>\n<\/tr>\n<tr>\n<th>\u5287\u5834\u4f5c\u54c1<\/th>\n<td>\u7f8e\u7537\u9ad8\u6821\u5730\u7403\u9632\u885b\u90e8ETERNAL LOVE\uff01<a href=\"https:\/\/dededede.jp\/\" target=\"_blank\" rel=\"noopener\">Boueibu\u3000<\/a><\/p>\n<p>Cute high earth defense club LOVE!<\/p>\n<p>\u30e9\u30d6\u30e9\u30a4\u30d6\uff01\u8679\u30f6\u54b2\u5b66\u5712\u30b9\u30af\u30fc\u30eb\u30a2\u30a4\u30c9\u30eb\u540c\u597d\u4f1a<\/p>\n<p>Love Live! Nijigasaki High School Idol Club<\/td>\n<\/tr>\n<\/tbody>\n<\/table>","protected":false},"excerpt":{"rendered":"<p>T\u00ean c\u00f4ng ty BGH STUDIO N\u0103m th\u00e0nh l\u1eadp Th\u00e1ng 01 n\u0103m 2023 \u0110\u1ecba ch\u1ec9 V\u0103n ph\u00f2ng: 116 \u0110\u01b0\u1eddng s\u1ed1 3, Ph\u01b0\u1eddng Th\u00f4ng T\u00e2y H\u1ed9i, Th\u00e0nh ph\u1ed1 H\u1ed3 Ch\u00ed Minh. X\u01b0\u1edfng v\u1ebd: E29 \u0110\u01b0\u1eddng C3, Ph\u01b0\u1eddng \u0110\u00f4ng H\u01b0ng Thu\u1eadn, Th\u00e0nh ph\u1ed1 H\u1ed3 Ch\u00ed Minh TEL. (+84) 0939 096 847 Email studiobghvn@gmail.com Chuy\u00ean v\u1ec1 V\u1ebd tranh ph\u1ed1i c\u1ea3nh phim ho\u1ea1t h\u00ecnh L\u1ecbch s\u1eed 2005: \u0111\u01b0\u1ee3c h\u1ecda s\u0129 ng\u01b0\u1eddi Nh\u1eadt qua Vi\u1ec7t Nam \u0111\u00e0o t\u1ea1o tr\u1ef1c ti\u1ebfp 2008: th\u00e0nh l\u1eadp c\u00f4ng ty v\u1ebd BG 2D anime 2023: th\u00e0nh l\u1eadp chi nh\u00e1nh m\u1edbi t\u00ean BGH Studio TV anime Dead Dead Demon&#8217;s Dededede Destruction \/ DeDeDeDe \u30c7\u30c3\u30c9\u30c7\u30c3\u30c9\u30c7\u30fc\u30e2\u30f3\u30ba\u30c7\u30c7\u30c7\u30c7\u30c7\u30b9\u30c8\u30e9\u30af\u30b7\u30e7\u30f3 Love Live! Superstar!! \u30e9\u30d6\u30e9\u30a4\u30d6\uff01\u30b9\u30fc\u30d1\u30fc\u30b9\u30bf\u30fc!! Orb: On the Movements &#8230; <a title=\"\u79c1\u305f\u3061\u306b\u3064\u3044\u3066\" class=\"read-more\" href=\"https:\/\/studiobgh.com\/ja\/gioi-thieu\/\" aria-label=\"Gi\u1edbi thi\u1ec7u \u306b\u3064\u3044\u3066\u3055\u3089\u306b\u8aad\u3080\">\u7d9a\u304d\u3092\u8aad\u3080<\/a><\/p>","protected":false},"author":1,"featured_media":0,"parent":0,"menu_order":0,"comment_status":"closed","ping_status":"closed","template":"template-parts\/page-about.php","meta":{"_acf_changed":false,"footnotes":""},"class_list":["post-9","page","type-page","status-publish"],"acf":[],"_links":{"self":[{"href":"https:\/\/studiobgh.com\/ja\/wp-json\/wp\/v2\/pages\/9","targetHints":{"allow":["GET"]}}],"collection":[{"href":"https:\/\/studiobgh.com\/ja\/wp-json\/wp\/v2\/pages"}],"about":[{"href":"https:\/\/studiobgh.com\/ja\/wp-json\/wp\/v2\/types\/page"}],"author":[{"embeddable":true,"href":"https:\/\/studiobgh.com\/ja\/wp-json\/wp\/v2\/users\/1"}],"replies":[{"embeddable":true,"href":"https:\/\/studiobgh.com\/ja\/wp-json\/wp\/v2\/comments?post=9"}],"version-history":[{"count":16,"href":"https:\/\/studiobgh.com\/ja\/wp-json\/wp\/v2\/pages\/9\/revisions"}],"predecessor-version":[{"id":215,"href":"https:\/\/studiobgh.com\/ja\/wp-json\/wp\/v2\/pages\/9\/revisions\/215"}],"wp:attachment":[{"href":"https:\/\/studiobgh.com\/ja\/wp-json\/wp\/v2\/media?parent=9"}],"curies":[{"name":"wp","href":"https:\/\/api.w.org\/{rel}","templated":true}]}}