{"id":24,"date":"2024-11-11T17:58:46","date_gmt":"2024-11-11T10:58:46","guid":{"rendered":"https:\/\/studiobgh.com\/?page_id=24"},"modified":"2024-12-10T15:05:38","modified_gmt":"2024-12-10T08:05:38","slug":"tuyen-dung","status":"publish","type":"page","link":"https:\/\/studiobgh.com\/ja\/tuyen-dung\/","title":{"rendered":"\u63a1\u7528\uff08\u30d9\u30c8\u30ca\u30e0\u8a9e\u306e\u307f\uff09"},"content":{"rendered":"<p>BGH \u0111ang t\u00ecm ki\u1ebfm nh\u1eefng nh\u00e2n vi\u00ean mu\u1ed1n c\u00f9ng ph\u00e1t tri\u1ec3n v\u1edbi ch\u00fang t\u00f4i. Quan tr\u1ecdng nh\u1ea5t l\u00e0 con ng\u01b0\u1eddi! D\u00f9 l\u00e0 kh\u00e1ch h\u00e0ng hay nh\u00e2n vi\u00ean, c\u00f4ng ty lu\u00f4n \u0111\u1ec1 cao gi\u00e1 tr\u1ecb &#8220;con ng\u01b0\u1eddi&#8221;, v\u1eady t\u1ea1i sao b\u1ea1n kh\u00f4ng nh\u1eafm \u0111\u1ebfn s\u1ef1 ph\u00e1t tri\u1ec3n c\u1ee7a c\u00f4ng ty v\u00e0 b\u1ea3n th\u00e2n m\u00ecnh?<\/p>\n<p>Ch\u00fang t\u00f4i \u0111ang t\u00ecm ki\u1ebfm nh\u1eefng ng\u01b0\u1eddi nhi\u1ec7t t\u00ecnh, s\u1eb5n s\u00e0ng l\u00e0m vi\u1ec7c l\u00e2u d\u00e0i v\u00e0 t\u00edch c\u1ef1c \u0111\u1ed1i m\u1eb7t v\u1edbi th\u1eed th\u00e1ch<span style=\"font-size: inherit;\">. N\u1ebfu b\u1ea1n c\u00f3 \u0111am m\u00ea ph\u00e1t tri\u1ec3n c\u00f9ng ch\u00fang t\u00f4i, t\u1ea1i sao b\u1ea1n kh\u00f4ng m\u1edf r\u1ed9ng kh\u1ea3 n\u0103ng c\u1ee7a m\u00ecnh t\u1ea1i BGH Studio.<\/span><\/p>\n<table class=\"recruit space_bottom2\" style=\"height: 529px;\" border=\"0\" width=\"934\" cellspacing=\"0\" cellpadding=\"0\">\n<tbody>\n<tr>\n<th>Chi ti\u1ebft tuy\u1ec3n d\u1ee5ng<\/th>\n<td>\u00a0Nh\u00e2n vi\u00ean v\u1ebd ph\u1ed1i c\u1ea3nh<\/td>\n<\/tr>\n<tr>\n<th>Y\u00eau c\u1ea7u<\/th>\n<td>&#8211; Y\u00eau th\u00edch phim ho\u1ea1t h\u00ecnh.<br \/>\n&#8211; \u0110\u00e3 c\u00f3 ho\u1eb7c ch\u01b0a c\u00f3 kinh nghi\u1ec7m v\u1ebd ph\u1ed1i c\u1ea3nh, am hi\u1ec3u m\u1ef9 thu\u1eadt-H\u00f2a \u0111\u1ed3ng, tr\u00e1ch nhi\u1ec7m, l\u00e0m theo ch\u1ec9 th\u1ecb c\u1ea5p tr\u00ean.<\/td>\n<\/tr>\n<tr>\n<th>L\u01b0\u01a1ng, Ph\u00fac l\u1ee3i<\/th>\n<td>-Th\u1ecfa thu\u1eadn l\u01b0\u01a1ng theo n\u0103ng l\u1ef1c.<\/p>\n<p>-Nh\u00e2n vi\u00ean \u0111\u00e0o t\u1ea1o m\u1edbi \u0111\u01b0\u1ee3c h\u01b0\u1edfng l\u01b0\u01a1ng tr\u1ee3 c\u1ea5p h\u1ecdc vi\u1ec7c.<\/p>\n<p>-Tham gia b\u1ea3o hi\u1ec3m \u0111\u1ea7y \u0111\u1ee7 theo quy \u0111\u1ecbnh c\u1ee7a ph\u00e1p lu\u1eadt v\u00e0 c\u00e1c ch\u1ebf \u0111\u1ed9 tr\u1ee3 c\u1ea5p kh\u00e1c.<\/td>\n<\/tr>\n<tr>\n<th>Th\u1eddi gian l\u00e0m vi\u1ec7c<\/th>\n<td>\u00a0T\u1eeb 8:00~17:00 t\u1eeb th\u1ee9 2 \u0111\u1ebfn th\u1ee9 7, th\u1ee9 7 c\u00f3 ngh\u1ec9 theo l\u1ecbch c\u00f4ng ty.<\/td>\n<\/tr>\n<tr>\n<th>\u0110\u1ecba \u0111i\u1ec3m l\u00e0m vi\u1ec7c<\/th>\n<td>T\u1ea1i c\u00f4ng ty<\/td>\n<\/tr>\n<tr>\n<th>H\u1ed3 s\u01a1\u00a0 bao g\u1ed3m<\/th>\n<td>+ H\u1ed3 s\u01a1 xin vi\u1ec7c: s\u01a1 y\u1ebfu l\u00fd l\u1ecbch, \u0111\u01a1n xin vi\u1ec7c.<br \/>\n+ H\u00ecnh v\u1ebd ph\u1ed1i c\u1ea3nh 2~3 b\u1ea3n b\u1eb1ng gi\u1ea5y A4 ho\u1eb7c file \u1ea3nh \u0111\u00e3 v\u1ebd.<br \/>\n+ G\u1eedi h\u1ed3 s\u01a1 v\u1ec1 email: studiobghvn@gmail.com ; ho\u1eb7c li\u00ean h\u1ec7 hotline 0939 096847<\/td>\n<\/tr>\n<\/tbody>\n<\/table>","protected":false},"excerpt":{"rendered":"<p>BGH \u0111ang t\u00ecm ki\u1ebfm nh\u1eefng nh\u00e2n vi\u00ean mu\u1ed1n c\u00f9ng ph\u00e1t tri\u1ec3n v\u1edbi ch\u00fang t\u00f4i. Quan tr\u1ecdng nh\u1ea5t l\u00e0 con ng\u01b0\u1eddi! D\u00f9 l\u00e0 kh\u00e1ch h\u00e0ng hay nh\u00e2n vi\u00ean, c\u00f4ng ty lu\u00f4n \u0111\u1ec1 cao gi\u00e1 tr\u1ecb &#8220;con ng\u01b0\u1eddi&#8221;, v\u1eady t\u1ea1i sao b\u1ea1n kh\u00f4ng nh\u1eafm \u0111\u1ebfn s\u1ef1 ph\u00e1t tri\u1ec3n c\u1ee7a c\u00f4ng ty v\u00e0 b\u1ea3n th\u00e2n m\u00ecnh? Ch\u00fang t\u00f4i \u0111ang t\u00ecm ki\u1ebfm nh\u1eefng ng\u01b0\u1eddi nhi\u1ec7t t\u00ecnh, s\u1eb5n s\u00e0ng l\u00e0m vi\u1ec7c l\u00e2u d\u00e0i v\u00e0 t\u00edch c\u1ef1c \u0111\u1ed1i m\u1eb7t v\u1edbi th\u1eed th\u00e1ch. N\u1ebfu b\u1ea1n c\u00f3 \u0111am m\u00ea ph\u00e1t tri\u1ec3n c\u00f9ng ch\u00fang t\u00f4i, t\u1ea1i sao b\u1ea1n kh\u00f4ng m\u1edf r\u1ed9ng kh\u1ea3 n\u0103ng c\u1ee7a m\u00ecnh t\u1ea1i BGH Studio. Chi ti\u1ebft tuy\u1ec3n d\u1ee5ng \u00a0Nh\u00e2n vi\u00ean v\u1ebd ph\u1ed1i c\u1ea3nh Y\u00eau c\u1ea7u &#8230; <a title=\"\u63a1\u7528\uff08\u30d9\u30c8\u30ca\u30e0\u8a9e\u306e\u307f\uff09\" class=\"read-more\" href=\"https:\/\/studiobgh.com\/ja\/tuyen-dung\/\" aria-label=\"Tuy\u1ec3n d\u1ee5ng \u306b\u3064\u3044\u3066\u3055\u3089\u306b\u8aad\u3080\">\u7d9a\u304d\u3092\u8aad\u3080<\/a><\/p>","protected":false},"author":1,"featured_media":0,"parent":0,"menu_order":0,"comment_status":"closed","ping_status":"closed","template":"template-parts\/page-recruitment.php","meta":{"_acf_changed":false,"footnotes":""},"class_list":["post-24","page","type-page","status-publish"],"acf":[],"_links":{"self":[{"href":"https:\/\/studiobgh.com\/ja\/wp-json\/wp\/v2\/pages\/24","targetHints":{"allow":["GET"]}}],"collection":[{"href":"https:\/\/studiobgh.com\/ja\/wp-json\/wp\/v2\/pages"}],"about":[{"href":"https:\/\/studiobgh.com\/ja\/wp-json\/wp\/v2\/types\/page"}],"author":[{"embeddable":true,"href":"https:\/\/studiobgh.com\/ja\/wp-json\/wp\/v2\/users\/1"}],"replies":[{"embeddable":true,"href":"https:\/\/studiobgh.com\/ja\/wp-json\/wp\/v2\/comments?post=24"}],"version-history":[{"count":7,"href":"https:\/\/studiobgh.com\/ja\/wp-json\/wp\/v2\/pages\/24\/revisions"}],"predecessor-version":[{"id":174,"href":"https:\/\/studiobgh.com\/ja\/wp-json\/wp\/v2\/pages\/24\/revisions\/174"}],"wp:attachment":[{"href":"https:\/\/studiobgh.com\/ja\/wp-json\/wp\/v2\/media?parent=24"}],"curies":[{"name":"wp","href":"https:\/\/api.w.org\/{rel}","templated":true}]}}